{"id":123,"date":"2026-01-16T00:33:21","date_gmt":"2026-01-16T00:33:21","guid":{"rendered":"https:\/\/music-powerbeat.com\/?page_id=123"},"modified":"2026-01-16T00:37:12","modified_gmt":"2026-01-16T00:37:12","slug":"postenstruktur","status":"publish","type":"page","link":"https:\/\/music-powerbeat.com\/index.php\/postenstruktur\/","title":{"rendered":"Postenstruktur"},"content":{"rendered":"\t\t<div data-elementor-type=\"wp-page\" data-elementor-id=\"123\" class=\"elementor elementor-123\">\n\t\t\t\t<div class=\"elementor-element elementor-element-3d8e943 e-flex e-con-boxed e-con e-parent\" data-id=\"3d8e943\" data-element_type=\"container\">\n\t\t\t\t\t<div class=\"e-con-inner\">\n\t\t\t\t<div class=\"elementor-element elementor-element-844a813 elementor-widget elementor-widget-button\" data-id=\"844a813\" data-element_type=\"widget\" data-widget_type=\"button.default\">\n\t\t\t\t\t\t\t\t\t\t<a class=\"elementor-button elementor-button-link elementor-size-sm\" href=\"https:\/\/music-powerbeat.com\/\">\n\t\t\t\t\t\t<span class=\"elementor-button-content-wrapper\">\n\t\t\t\t\t\t<span class=\"elementor-button-icon\">\n\t\t\t\t<svg aria-hidden=\"true\" class=\"e-font-icon-svg e-fas-home\" viewBox=\"0 0 576 512\" xmlns=\"http:\/\/www.w3.org\/2000\/svg\"><path d=\"M280.37 148.26L96 300.11V464a16 16 0 0 0 16 16l112.06-.29a16 16 0 0 0 15.92-16V368a16 16 0 0 1 16-16h64a16 16 0 0 1 16 16v95.64a16 16 0 0 0 16 16.05L464 480a16 16 0 0 0 16-16V300L295.67 148.26a12.19 12.19 0 0 0-15.3 0zM571.6 251.47L488 182.56V44.05a12 12 0 0 0-12-12h-56a12 12 0 0 0-12 12v72.61L318.47 43a48 48 0 0 0-61 0L4.34 251.47a12 12 0 0 0-1.6 16.9l25.5 31A12 12 0 0 0 45.15 301l235.22-193.74a12.19 12.19 0 0 1 15.3 0L530.9 301a12 12 0 0 0 16.9-1.6l25.5-31a12 12 0 0 0-1.7-16.93z\"><\/path><\/svg>\t\t\t<\/span>\n\t\t\t\t\t\t\t\t\t<span class=\"elementor-button-text\">Startseite<\/span>\n\t\t\t\t\t<\/span>\n\t\t\t\t\t<\/a>\n\t\t\t\t\t\t\t\t<\/div>\n\t\t\t\t\t<\/div>\n\t\t\t\t<\/div>\n\t\t<div class=\"elementor-element elementor-element-1304a66 e-flex e-con-boxed e-con e-parent\" data-id=\"1304a66\" data-element_type=\"container\" data-settings=\"{&quot;background_background&quot;:&quot;gradient&quot;}\">\n\t\t\t\t\t<div class=\"e-con-inner\">\n\t\t\t\t<div class=\"elementor-element elementor-element-fb23d55 elementor-widget elementor-widget-heading\" data-id=\"fb23d55\" data-element_type=\"widget\" data-widget_type=\"heading.default\">\n\t\t\t\t\t<h2 class=\"elementor-heading-title elementor-size-default\">Postenstruktur<\/h2>\t\t\t\t<\/div>\n\t\t\t\t\t<\/div>\n\t\t\t\t<\/div>\n\t\t<div class=\"elementor-element elementor-element-7a63ee8 e-flex e-con-boxed e-con e-parent\" data-id=\"7a63ee8\" data-element_type=\"container\" data-settings=\"{&quot;background_background&quot;:&quot;classic&quot;}\">\n\t\t\t\t\t<div class=\"e-con-inner\">\n\t\t\t\t<div class=\"elementor-element elementor-element-735d5e5 elementor-widget elementor-widget-text-editor\" data-id=\"735d5e5\" data-element_type=\"widget\" data-widget_type=\"text-editor.default\">\n\t\t\t\t\t\t\t\t\t<p><em><strong><span style=\"color: #e74c3c;\">Projektleiter\/in:<\/span>\u00a0Bewerbungsgespr\u00e4che f\u00fchren<br \/>Fragen beantworten und Gespr\u00e4che rund ums Radio f\u00fchren<br \/>Teamsitzungen vorbereiten und f\u00fchren<br \/>Sendekonzepte erarbeiten<br \/>Events planen mit dem Team<br \/>Wichtige Informationen und Termine bekannt geben<br \/>(Die Projektleitung hat ebenfalls noch ein Privatleben und kann nicht immer bzw. nicht immer sofort da sein.)<br \/>\u2014\u2014\u2014\u2014\u2014\u2014\u2014\u2014\u2014\u2014-<\/strong><\/em><br \/><em><strong><span style=\"color: #e74c3c;\">Techniker\/in:<\/span>\u00a0Verantwortlich f\u00fcr die Einstellung der Sendesoftware.<br \/>Sendedaten in die Sendesoftware eintragen.\u00a0[Es werden keine Sendedaten raus gegeben!]<br \/>Einstellungen \u00fcber den Tester \u00fcberpr\u00fcfen (Dazu kann die Projektleitung oder Teamleitung geholt werden.)<br \/>Fragen rund um die Technik beantworten<br \/>Die Technik wird einmal vern\u00fcnftig eingestellt von den Techniker, sollten die Moderatoren an ihre Technik rum spielen und was verstellen so haben diese zu warten bis einer aus der Technik Zeit hat. (Bei \u00d6fteren vorkommen darf ein Sendeverbot von 1 Woche ausgesprochen werden [Nachdem 4 mal darf dieses ausgesprochen werden.])<br \/>Die Techniker\/In haben ebenfalls noch ein Privatleben und k\u00f6nnen nicht immer bzw. nicht immer sofort da sein.)<br \/>Ausnahme! Sollte ein Moderator seinen PC aus irgendwelchen Gr\u00fcnden neu gemacht haben oder einen neuen PC haben so werden die Moderatoren neu eingestellt.<br \/>\u2014\u2014\u2014\u2014\u2014\u2014\u2014\u2014\u2014\u2014-<br \/><span style=\"color: #e74c3c;\">Grafiker\/in:<\/span>\u00a0Erstellen vom Sendeplan, sowohl auch posten. (Die Moderatoren d\u00fcrfen diesen auch teilen.)<br \/>Erstellen von Moderatorensuche<br \/>Erstellen von Werbegrafiken f\u00fcr Events<br \/>Erstellen von Grafikern f\u00fcr die Moderatoren als Eigenwerbung (falls dies erw\u00fcnscht ist)<br \/>Fragen rund um Grafiken beantworten.<br \/>Hinweis!\u00a0Bitte nutzt nur Grafiken sei es Wallpaper, PNG, Cliparts etc. die Lizenzfrei sind.<br \/>Ansonsten gilt folgende Regelung das, das Bild k\u00e4uflich erworben ist. [Nachweis sollte vorhanden sein].<br \/>Die Grafik wird vor dem Posten (au\u00dfer Sendeplan) von der Projektleitung oder Teamleitung durch geschaut.<br \/>[Ausnahme: Eigenwerbung der Moderatoren wird nicht vorher durch geschaut.]<br \/>(Die Grafiker\/in haben ebenfalls noch ein Privatleben und k\u00f6nnen nicht immer bzw. nicht immer sofort da sein.)<br \/>\u2014\u2014\u2014\u2014\u2014\u2014\u2014\u2014\u2014\u2014-<br \/><span style=\"color: #e74c3c;\">Moderatoren:\u00a0<\/span>Sich auf ihre Sendungen vorbereiten.<br \/>Gute Stimmung und gute Laune verbreiten.<br \/>Musik s\u00e4ubern (keine Anh\u00e4ngseln z.B. HQ, HD, Lyrics, Offiziell Video, Canna Power, etc.)<\/strong><\/em><\/p><p><em><strong>(Moderatoren haben ebenfalls noch ein Privatleben und m\u00fcssen nicht t\u00e4glich anwesend sein.)<\/strong><\/em><\/p>\t\t\t\t\t\t\t\t<\/div>\n\t\t\t\t\t<\/div>\n\t\t\t\t<\/div>\n\t\t<div class=\"elementor-element elementor-element-28a6942 e-flex e-con-boxed e-con e-parent\" data-id=\"28a6942\" data-element_type=\"container\">\n\t\t\t\t\t<div class=\"e-con-inner\">\n\t\t\t\t\t<\/div>\n\t\t\t\t<\/div>\n\t\t\t\t<\/div>\n\t\t","protected":false},"excerpt":{"rendered":"<p>Startseite Postenstruktur Projektleiter\/in:\u00a0Bewerbungsgespr\u00e4che f\u00fchrenFragen beantworten und Gespr\u00e4che rund ums Radio f\u00fchrenTeamsitzungen vorbereiten und f\u00fchrenSendekonzepte erarbeitenEvents planen mit dem TeamWichtige Informationen und Termine bekannt geben(Die Projektleitung hat ebenfalls noch ein Privatleben und kann nicht immer bzw. nicht immer sofort da sein.)\u2014\u2014\u2014\u2014\u2014\u2014\u2014\u2014\u2014\u2014-Techniker\/in:\u00a0Verantwortlich f\u00fcr die Einstellung der Sendesoftware.Sendedaten in die Sendesoftware eintragen.\u00a0[Es werden keine Sendedaten raus gegeben!]Einstellungen \u00fcber [&hellip;]<\/p>\n","protected":false},"author":1,"featured_media":0,"parent":0,"menu_order":0,"comment_status":"closed","ping_status":"closed","template":"","meta":{"episode_type":"","audio_file":"","cover_image":"","cover_image_id":"","duration":"","filesize":"","date_recorded":"","explicit":"","block":"","itunes_episode_number":"","itunes_title":"","itunes_season_number":"","itunes_episode_type":"","filesize_raw":"","footnotes":""},"class_list":["post-123","page","type-page","status-publish","hentry"],"_links":{"self":[{"href":"https:\/\/music-powerbeat.com\/index.php\/wp-json\/wp\/v2\/pages\/123","targetHints":{"allow":["GET"]}}],"collection":[{"href":"https:\/\/music-powerbeat.com\/index.php\/wp-json\/wp\/v2\/pages"}],"about":[{"href":"https:\/\/music-powerbeat.com\/index.php\/wp-json\/wp\/v2\/types\/page"}],"author":[{"embeddable":true,"href":"https:\/\/music-powerbeat.com\/index.php\/wp-json\/wp\/v2\/users\/1"}],"replies":[{"embeddable":true,"href":"https:\/\/music-powerbeat.com\/index.php\/wp-json\/wp\/v2\/comments?post=123"}],"version-history":[{"count":3,"href":"https:\/\/music-powerbeat.com\/index.php\/wp-json\/wp\/v2\/pages\/123\/revisions"}],"predecessor-version":[{"id":262,"href":"https:\/\/music-powerbeat.com\/index.php\/wp-json\/wp\/v2\/pages\/123\/revisions\/262"}],"wp:attachment":[{"href":"https:\/\/music-powerbeat.com\/index.php\/wp-json\/wp\/v2\/media?parent=123"}],"curies":[{"name":"wp","href":"https:\/\/api.w.org\/{rel}","templated":true}]}}