{"id":168,"date":"2026-01-14T14:22:40","date_gmt":"2026-01-14T14:22:40","guid":{"rendered":"https:\/\/music-powerbeat.com\/?page_id=168"},"modified":"2026-01-15T22:45:15","modified_gmt":"2026-01-15T22:45:15","slug":"bewerbung","status":"publish","type":"page","link":"https:\/\/music-powerbeat.com\/index.php\/bewerbung\/","title":{"rendered":"Bewerbung"},"content":{"rendered":"\t\t<div data-elementor-type=\"wp-page\" data-elementor-id=\"168\" class=\"elementor elementor-168\">\n\t\t\t\t<div class=\"elementor-element elementor-element-8eaf67d e-flex e-con-boxed e-con e-parent\" data-id=\"8eaf67d\" data-element_type=\"container\">\n\t\t\t\t\t<div class=\"e-con-inner\">\n\t\t\t\t<div class=\"elementor-element elementor-element-3cde355 elementor-widget elementor-widget-button\" data-id=\"3cde355\" data-element_type=\"widget\" data-widget_type=\"button.default\">\n\t\t\t\t\t\t\t\t\t\t<a class=\"elementor-button elementor-button-link elementor-size-sm\" href=\"https:\/\/music-powerbeat.com\/\">\n\t\t\t\t\t\t<span class=\"elementor-button-content-wrapper\">\n\t\t\t\t\t\t<span class=\"elementor-button-icon\">\n\t\t\t\t<svg aria-hidden=\"true\" class=\"e-font-icon-svg e-fas-home\" viewBox=\"0 0 576 512\" xmlns=\"http:\/\/www.w3.org\/2000\/svg\"><path d=\"M280.37 148.26L96 300.11V464a16 16 0 0 0 16 16l112.06-.29a16 16 0 0 0 15.92-16V368a16 16 0 0 1 16-16h64a16 16 0 0 1 16 16v95.64a16 16 0 0 0 16 16.05L464 480a16 16 0 0 0 16-16V300L295.67 148.26a12.19 12.19 0 0 0-15.3 0zM571.6 251.47L488 182.56V44.05a12 12 0 0 0-12-12h-56a12 12 0 0 0-12 12v72.61L318.47 43a48 48 0 0 0-61 0L4.34 251.47a12 12 0 0 0-1.6 16.9l25.5 31A12 12 0 0 0 45.15 301l235.22-193.74a12.19 12.19 0 0 1 15.3 0L530.9 301a12 12 0 0 0 16.9-1.6l25.5-31a12 12 0 0 0-1.7-16.93z\"><\/path><\/svg>\t\t\t<\/span>\n\t\t\t\t\t\t\t\t\t<span class=\"elementor-button-text\">Startseite<\/span>\n\t\t\t\t\t<\/span>\n\t\t\t\t\t<\/a>\n\t\t\t\t\t\t\t\t<\/div>\n\t\t\t\t\t<\/div>\n\t\t\t\t<\/div>\n\t\t<div class=\"elementor-element elementor-element-3b51ea3 e-flex e-con-boxed e-con e-parent\" data-id=\"3b51ea3\" data-element_type=\"container\" data-settings=\"{&quot;background_background&quot;:&quot;gradient&quot;}\">\n\t\t\t\t\t<div class=\"e-con-inner\">\n\t\t\t\t<div class=\"elementor-element elementor-element-ac50277 elementor-widget elementor-widget-heading\" data-id=\"ac50277\" data-element_type=\"widget\" data-widget_type=\"heading.default\">\n\t\t\t\t\t<h2 class=\"elementor-heading-title elementor-size-default\">Bewerbungsformular<\/h2>\t\t\t\t<\/div>\n\t\t\t\t\t<\/div>\n\t\t\t\t<\/div>\n\t\t<div class=\"elementor-element elementor-element-5e7566a2 e-flex e-con-boxed e-con e-parent\" data-id=\"5e7566a2\" data-element_type=\"container\" data-settings=\"{&quot;background_background&quot;:&quot;classic&quot;}\">\n\t\t\t\t\t<div class=\"e-con-inner\">\n\t\t\t\t<div class=\"elementor-element elementor-element-7c7f733b elementor-widget elementor-widget-text-editor\" data-id=\"7c7f733b\" data-element_type=\"widget\" data-widget_type=\"text-editor.default\">\n\t\t\t\t\t\t\t\t\t<p>\u00a0<\/p><h3 style=\"text-align: center;\">\u00a0<\/h3><h5 style=\"text-align: center;\"><b>Wir sind ein neu entstehendes Team, daher suchen wir noch Verst\u00e4rkung !<\/b><\/h5><h5 style=\"text-align: center;\">Du m\u00f6chtest uns mit deiner Musik und auch tollen Ideen unterst\u00fctzen?<\/h5><h5 style=\"text-align: center;\">M\u00f6chtest bei einem neuen Radio von Anfang an mitwirken?<\/h5><h5 style=\"text-align: center;\">Dann bewirb dich bei uns!<\/h5><h5 style=\"text-align: center;\">Ob als Anf\u00e4nger, Erfahrener oder Mensch mit Handicap<\/h5><h5 style=\"text-align: center;\">bist du bei uns gerne erw\u00fcnscht.<\/h5><h5 style=\"text-align: center;\"><b><strong>\u00a0Folgende Teammitglieder suchen wir:<\/strong><\/b><\/h5><h3 style=\"text-align: center;\"><b><strong>Moderator\/in<\/strong><\/b><\/h3><h3 style=\"text-align: center;\"><b><strong>Techniker\/in (Erfahrung erforderlich)<\/strong><\/b><\/h3><h3 style=\"text-align: center;\"><b><strong>Grafiker\/in<\/strong><\/b><\/h3><h3 style=\"text-align: center;\"><b><strong>Promoter\/in<\/strong><\/b><\/h3><p style=\"text-align: center;\"><strong>Bewerber\/innen die sich bewerben und ein Mischpult haben sollten Erfahrung haben und ihre Technik beherrschen!<\/strong><\/p><h5 style=\"text-align: center;\">Alle Daten werden vertraulich behandelt und werden nicht an dritte weitergegeben!<\/h5><h5 style=\"text-align: center;\">Der Facebookprofillink dient zur Kontaktaufnahme!<br \/>Bitte nicht euren Namen rein schreiben da es sonst schwer ist euch zu finden!<br \/>Eure Handynummer wird verwendet zur Kontaktaufnahme und um ggf. euch in der Teamgruppe hinzuzuf\u00fcgen.<\/h5><h5 style=\"text-align: center;\">Du solltest mindestens 16 Jahre alt sein um hier senden zu d\u00fcrfen!<br \/>Eine Einverst\u00e4ndnis von einem Erziehungsberechtigten ist erforderlich!<\/h5><h5 style=\"text-align: center;\">Mit* sind Pflichtfelder k\u00f6nnt ihr da keine Angaben machen dann einfach<\/h5><h5 style=\"text-align: center;\">mit nicht vorhanden f\u00fcllen.<\/h5><h6 style=\"text-align: center;\">(\u00a0Das mitwirken und Senden ist bei uns komplett kostenlos\u00a0)<\/h6>\t\t\t\t\t\t\t\t<\/div>\n\t\t\t\t\t<\/div>\n\t\t\t\t<\/div>\n\t\t<div class=\"elementor-element elementor-element-0c4a9ec e-flex e-con-boxed e-con e-parent\" data-id=\"0c4a9ec\" data-element_type=\"container\" data-settings=\"{&quot;background_background&quot;:&quot;classic&quot;}\">\n\t\t\t\t\t<div class=\"e-con-inner\">\n\t\t\t\t<div class=\"elementor-element elementor-element-e43d984 elementor-widget elementor-widget-text-editor\" data-id=\"e43d984\" data-element_type=\"widget\" data-widget_type=\"text-editor.default\">\n\t\t\t\t\t\t\t\t\t<p style=\"text-align: center;\"><iframe style=\"border: 0; width: 900px; height: 2000px;\" src=\"https:\/\/sendeplan-mainstream.musicpowerbeat.com\/index.php?page=infos&amp;mode=bewerbung\"><\/iframe><\/p>\t\t\t\t\t\t\t\t<\/div>\n\t\t\t\t\t<\/div>\n\t\t\t\t<\/div>\n\t\t<div class=\"elementor-element elementor-element-c929a92 e-flex e-con-boxed e-con e-parent\" data-id=\"c929a92\" data-element_type=\"container\">\n\t\t\t\t\t<div class=\"e-con-inner\">\n\t\t\t\t\t<\/div>\n\t\t\t\t<\/div>\n\t\t\t\t<\/div>\n\t\t","protected":false},"excerpt":{"rendered":"<p>Startseite Bewerbungsformular \u00a0 \u00a0 Wir sind ein neu entstehendes Team, daher suchen wir noch Verst\u00e4rkung ! Du m\u00f6chtest uns mit deiner Musik und auch tollen Ideen unterst\u00fctzen? M\u00f6chtest bei einem neuen Radio von Anfang an mitwirken? Dann bewirb dich bei uns! Ob als Anf\u00e4nger, Erfahrener oder Mensch mit Handicap bist du bei uns gerne erw\u00fcnscht. [&hellip;]<\/p>\n","protected":false},"author":1,"featured_media":0,"parent":0,"menu_order":0,"comment_status":"closed","ping_status":"closed","template":"","meta":{"episode_type":"","audio_file":"","cover_image":"","cover_image_id":"","duration":"","filesize":"","date_recorded":"","explicit":"","block":"","itunes_episode_number":"","itunes_title":"","itunes_season_number":"","itunes_episode_type":"","filesize_raw":"","footnotes":""},"class_list":["post-168","page","type-page","status-publish","hentry"],"_links":{"self":[{"href":"https:\/\/music-powerbeat.com\/index.php\/wp-json\/wp\/v2\/pages\/168","targetHints":{"allow":["GET"]}}],"collection":[{"href":"https:\/\/music-powerbeat.com\/index.php\/wp-json\/wp\/v2\/pages"}],"about":[{"href":"https:\/\/music-powerbeat.com\/index.php\/wp-json\/wp\/v2\/types\/page"}],"author":[{"embeddable":true,"href":"https:\/\/music-powerbeat.com\/index.php\/wp-json\/wp\/v2\/users\/1"}],"replies":[{"embeddable":true,"href":"https:\/\/music-powerbeat.com\/index.php\/wp-json\/wp\/v2\/comments?post=168"}],"version-history":[{"count":11,"href":"https:\/\/music-powerbeat.com\/index.php\/wp-json\/wp\/v2\/pages\/168\/revisions"}],"predecessor-version":[{"id":218,"href":"https:\/\/music-powerbeat.com\/index.php\/wp-json\/wp\/v2\/pages\/168\/revisions\/218"}],"wp:attachment":[{"href":"https:\/\/music-powerbeat.com\/index.php\/wp-json\/wp\/v2\/media?parent=168"}],"curies":[{"name":"wp","href":"https:\/\/api.w.org\/{rel}","templated":true}]}}