{"id":98,"date":"2026-01-13T21:43:50","date_gmt":"2026-01-13T21:43:50","guid":{"rendered":"https:\/\/music-powerbeat.com\/?page_id=98"},"modified":"2026-01-15T22:55:03","modified_gmt":"2026-01-15T22:55:03","slug":"impressum","status":"publish","type":"page","link":"https:\/\/music-powerbeat.com\/index.php\/impressum\/","title":{"rendered":"Impressum"},"content":{"rendered":"\t\t<div data-elementor-type=\"wp-page\" data-elementor-id=\"98\" class=\"elementor elementor-98\">\n\t\t\t\t<div class=\"elementor-element elementor-element-1fcfbb2 e-flex e-con-boxed e-con e-parent\" data-id=\"1fcfbb2\" data-element_type=\"container\">\n\t\t\t\t\t<div class=\"e-con-inner\">\n\t\t\t\t<div class=\"elementor-element elementor-element-5fa0833 elementor-widget elementor-widget-button\" data-id=\"5fa0833\" data-element_type=\"widget\" data-widget_type=\"button.default\">\n\t\t\t\t\t\t\t\t\t\t<a class=\"elementor-button elementor-button-link elementor-size-sm\" href=\"https:\/\/music-powerbeat.com\/\">\n\t\t\t\t\t\t<span class=\"elementor-button-content-wrapper\">\n\t\t\t\t\t\t<span class=\"elementor-button-icon\">\n\t\t\t\t<svg aria-hidden=\"true\" class=\"e-font-icon-svg e-fas-home\" viewBox=\"0 0 576 512\" xmlns=\"http:\/\/www.w3.org\/2000\/svg\"><path d=\"M280.37 148.26L96 300.11V464a16 16 0 0 0 16 16l112.06-.29a16 16 0 0 0 15.92-16V368a16 16 0 0 1 16-16h64a16 16 0 0 1 16 16v95.64a16 16 0 0 0 16 16.05L464 480a16 16 0 0 0 16-16V300L295.67 148.26a12.19 12.19 0 0 0-15.3 0zM571.6 251.47L488 182.56V44.05a12 12 0 0 0-12-12h-56a12 12 0 0 0-12 12v72.61L318.47 43a48 48 0 0 0-61 0L4.34 251.47a12 12 0 0 0-1.6 16.9l25.5 31A12 12 0 0 0 45.15 301l235.22-193.74a12.19 12.19 0 0 1 15.3 0L530.9 301a12 12 0 0 0 16.9-1.6l25.5-31a12 12 0 0 0-1.7-16.93z\"><\/path><\/svg>\t\t\t<\/span>\n\t\t\t\t\t\t\t\t\t<span class=\"elementor-button-text\">Startseite<\/span>\n\t\t\t\t\t<\/span>\n\t\t\t\t\t<\/a>\n\t\t\t\t\t\t\t\t<\/div>\n\t\t\t\t\t<\/div>\n\t\t\t\t<\/div>\n\t\t<div class=\"elementor-element elementor-element-2c8f86c3 e-flex e-con-boxed e-con e-parent\" data-id=\"2c8f86c3\" data-element_type=\"container\" data-settings=\"{&quot;background_background&quot;:&quot;classic&quot;}\">\n\t\t\t\t\t<div class=\"e-con-inner\">\n\t\t\t\t<div class=\"elementor-element elementor-element-453768a elementor-widget elementor-widget-text-editor\" data-id=\"453768a\" data-element_type=\"widget\" data-widget_type=\"text-editor.default\">\n\t\t\t\t\t\t\t\t\t<table class=\"table\"><tbody><tr><td valign=\"top\" width=\"50%\"><p>Gesamtverantwortlich<\/p><ul><li>Hermann Bieger<\/li><li>Jennifer Rippberger<\/li><li>Goldstr. 27<\/li><li>49074 Osnabr\u00fcck<\/li><\/ul><p>eMail:\u00a0<strong>info@musicpowerbeat.de<\/strong><\/p><\/td><td valign=\"top\" width=\"50%\"><strong>Technik &amp; Lizenzen (GEMA &amp; GVL)<\/strong><br \/>Diese Seite beinhaltet eine Verbindung bzw. Musikstream der\u00a0<a href=\"https:\/\/laut.fm\/pages\/imprint\" target=\"_self\" rel=\"noreferrer noopener\">l<strong>aut ag<\/strong><\/a>\u00a0Streaming-Technologie:<br \/>Der auf dieser Seite verlinkte Radiostream:<ul><li><a href=\"https:\/\/laut.fm\/antenne-pegnitz\" target=\"_blank\" rel=\"noreferrer noopener\">https:\/\/laut.fm\/musicpowerbeat<\/a>\u00a0 (Mainstream)<\/li><\/ul><p>ist bei der Gema sowie der GVL lizensiert von der<\/p><p><strong>Laut AG<\/strong><\/p><p>Seilerstra\u00dfe 7<br \/>78467 Konstanz<br \/>Fax: 07531 \u2013 69238 \u2013 11<br \/>Amtsgericht Freiburg i. B.<br \/>HRB 381837<br \/>USt-ID: DE213331580<\/p><p>Mail:\u00a0<a href=\"mailto:radio@laut.fm\">radio@laut.fm<\/a>\u00a0(bitte keine Promo-Mails)<\/p><\/td><\/tr><tr><td colspan=\"2\" valign=\"top\">\u00a0<\/td><\/tr><tr><td colspan=\"2\" valign=\"top\">Die Sendelizenz sowie die Anmeldung bei der zust\u00e4ndigen Landesmedienanstalt werden durch\u00a0<em>die\u00a0<\/em><a href=\"https:\/\/laut.fm\/pages\/imprint\" target=\"_self\" rel=\"noreferrer noopener\"><strong>laut ag<\/strong>\u00a0<\/a>zur Verf\u00fcgung gestellt und gelten somit als erf\u00fcllt.<br \/>F\u00fcr Fragen der GEMA, GVL oder der zust\u00e4ndigen Landesmedienanstalt ist die\u00a0<strong><a href=\"https:\/\/laut.fm\/pages\/imprint\" target=\"_self\" rel=\"noreferrer noopener\">laut ag<\/a><\/strong>\u00a0mit Sitz in Konstanz zust\u00e4ndig.<p>\u00a7 5 TMG wird zu \u00a7 5 DDG<\/p><p><strong>Haftungsausschluss:<\/strong><\/p><p><strong>Haftung f\u00fcr Inhalte<\/strong><br \/>Die Inhalte unserer Seiten wurden mit gr\u00f6\u00dfter Sorgfalt erstellt. F\u00fcr die Richtigkeit, Vollst\u00e4ndigkeit und Aktualit\u00e4t der Inhalte k\u00f6nnen wir jedoch keine Gew\u00e4hr \u00fcbernehmen. Als Diensteanbieter sind wir gem\u00e4\u00df\u00a0<b data-index-in-node=\"5\" data-path-to-node=\"5,1,0\">\u00a7 5 DDG<\/b>\u00a0(Digitale-Dienste-Gesetz) f\u00fcr eigene Inhalte auf diesen Seiten nach den allgemeinen Gesetzen verantwortlich.\u00a0<b data-index-in-node=\"5\" data-path-to-node=\"5,1,0\">\u00a7 5 DDG<\/b>\u00a0(Digitale-Dienste-Gesetz) sind wir als Diensteanbieter jedoch nicht verpflichtet, \u00fcbermittelte oder gespeicherte fremde Informationen zu \u00fcberwachen oder nach Umst\u00e4nden zu forschen, die auf eine rechtswidrige T\u00e4tigkeit hinweisen. Verpflichtungen zur Entfernung oder Sperrung der Nutzung von Informationen nach den allgemeinen Gesetzen bleiben hiervon unber\u00fchrt. Eine diesbez\u00fcgliche Haftung ist jedoch erst ab dem Zeitpunkt der Kenntnis einer konkreten Rechtsverletzung m\u00f6glich. Bei Bekanntwerden von entsprechenden Rechtsverletzungen werden wir diese Inhalte umgehend entfernen.<\/p><p><strong>Haftung f\u00fcr Links<\/strong><br \/>Unser Angebot enth\u00e4lt Links zu externen Webseiten Dritter, auf deren Inhalte wir keinen Einfluss haben. Deshalb k\u00f6nnen wir f\u00fcr diese fremden Inhalte auch keine Gew\u00e4hr \u00fcbernehmen. F\u00fcr die Inhalte der verlinkten Seiten ist stets der jeweilige Anbieter oder Betreiber der Seiten verantwortlich. Die verlinkten Seiten wurden zum Zeitpunkt der Verlinkung auf m\u00f6gliche Rechtsverst\u00f6\u00dfe \u00fcberpr\u00fcft. Rechtswidrige Inhalte waren zum Zeitpunkt der Verlinkung nicht erkennbar. Eine permanente inhaltliche Kontrolle der verlinkten Seiten ist jedoch ohne konkrete Anhaltspunkte einer Rechtsverletzung nicht zumutbar. Bei Bekanntwerden von Rechtsverletzungen werden wir derartige Links umgehend entfernen.<\/p><p><strong>Urheberrecht<\/strong><br \/>Die durch die Seitenbetreiber erstellten Inhalte und Werke auf diesen Seiten unterliegen dem deutschen Urheberrecht. Die Vervielf\u00e4ltigung, Bearbeitung, Verbreitung und jede Art der Verwertung au\u00dferhalb der Grenzen des Urheberrechtes bed\u00fcrfen der schriftlichen Zustimmung des jeweiligen Autors bzw. Erstellers. Downloads und Kopien dieser Seite sind nur f\u00fcr den privaten, nicht kommerziellen Gebrauch gestattet. Soweit die Inhalte auf dieser Seite nicht vom Betreiber erstellt wurden, werden die Urheberrechte Dritter beachtet. Insbesondere werden Inhalte Dritter als solche gekennzeichnet. Sollten Sie trotzdem auf eine Urheberrechtsverletzung aufmerksam werden, bitten wir um einen entsprechenden Hinweis. Bei Bekanntwerden von Rechtsverletzungen werden wir derartige Inhalte umgehend entfernen.<\/p><p><strong>Datenschutz<\/strong><br \/>Die Nutzung unserer Webseite ist in der Regel ohne Angabe personenbezogener Daten m\u00f6glich. Soweit auf unseren Seiten personenbezogene Daten (beispielsweise Name, Anschrift oder eMail-Adressen) erhoben werden, erfolgt dies, soweit m\u00f6glich, stets auf freiwilliger Basis. Diese Daten werden ohne Ihre ausdr\u00fcckliche Zustimmung nicht an Dritte weitergegeben.<br \/>Wir weisen darauf hin, dass die Daten\u00fcbertragung im Internet (z.B. bei der Kommunikation per E-Mail) Sicherheitsl\u00fccken aufweisen kann. Ein l\u00fcckenloser Schutz der Daten vor dem Zugriff durch Dritte ist nicht m\u00f6glich.<br \/>Der Nutzung von im Rahmen der Impressumspflicht ver\u00f6ffentlichten Kontaktdaten durch Dritte zur \u00dcbersendung von nicht ausdr\u00fccklich angeforderter Werbung und Informationsmaterialien wird hiermit ausdr\u00fccklich widersprochen. Die Betreiber der Seiten behalten sich ausdr\u00fccklich rechtliche Schritte im Falle der unverlangten Zusendung von Werbeinformationen, etwa durch Spam-Mails, vor.<\/p><p><strong>Google Analytics<\/strong><br \/>Diese Website benutzt Google Analytics, einen Webanalysedienst der Google Inc. (&#8220;Google&#8220;). Google Analytics verwendet sog. &#8220;Cookies&#8220;, Textdateien, die auf Ihrem Computer gespeichert werden und die eine Analyse der Benutzung der Website durch Sie erm\u00f6glicht. Die durch den Cookie erzeugten Informationen \u00fcber Ihre Benutzung dieser Website (einschlie\u00dflich Ihrer IP-Adresse) wird an einen Server von Google in den USA \u00fcbertragen und dort gespeichert. Google wird diese Informationen benutzen, um Ihre Nutzung der Website auszuwerten, um Reports \u00fcber die Websiteaktivit\u00e4ten f\u00fcr die Websitebetreiber zusammenzustellen und um weitere mit der Websitenutzung und der Internetnutzung verbundene Dienstleistungen zu erbringen. Auch wird Google diese Informationen gegebenenfalls an Dritte \u00fcbertragen, sofern dies gesetzlich vorgeschrieben oder soweit Dritte diese Daten im Auftrag von Google verarbeiten. Google wird in keinem Fall Ihre IP-Adresse mit anderen Daten der Google in Verbindung bringen. Sie k\u00f6nnen die Installation der Cookies durch eine entsprechende Einstellung Ihrer Browser Software verhindern; wir weisen Sie jedoch darauf hin, dass Sie in diesem Fall gegebenenfalls nicht s\u00e4mtliche Funktionen dieser Website voll umf\u00e4nglich nutzen k\u00f6nnen. Durch die Nutzung dieser Website erkl\u00e4ren Sie sich mit der Bearbeitung der \u00fcber Sie erhobenen Daten durch Google in der zuvor beschriebenen Art und Weise und zu dem zuvor benannten Zweck einverstanden.<\/p><p><strong>Google AdSense<\/strong><br \/>Diese Website benutzt Google Adsense, einen Webanzeigendienst der Google Inc., USA (&#8220;Google&#8220;). Google Adsense verwendet sog. &#8220;Cookies&#8220; (Textdateien), die auf Ihrem Computer gespeichert werden und die eine Analyse der Benutzung der Website durch Sie erm\u00f6glicht. Google Adsense verwendet auch sog. &#8220;Web Beacons&#8220; (kleine unsichtbare Grafiken) zur Sammlung von Informationen. Durch die Verwendung des Web Beacons k\u00f6nnen einfache Aktionen wie der Besucherverkehr auf der Webseite aufgezeichnet und gesammelt werden. Die durch den Cookie und\/oder Web Beacon erzeugten Informationen \u00fcber Ihre Benutzung dieser Website (einschlie\u00dflich Ihrer IP-Adresse) werden an einen Server von Google in den USA \u00fcbertragen und dort gespeichert. Google wird diese Informationen benutzen, um Ihre Nutzung der Website im Hinblick auf die Anzeigen auszuwerten, um Reports \u00fcber die Websiteaktivit\u00e4ten und Anzeigen f\u00fcr die Websitebetreiber zusammenzustellen und um weitere mit der Websitenutzung und der Internetnutzung verbundene Dienstleistungen zu erbringen. Auch wird Google diese Informationen gegebenenfalls an Dritte \u00fcbertragen, sofern dies gesetzlich vorgeschrieben oder soweit Dritte diese Daten im Auftrag von Google verarbeiten. Google wird in keinem Fall Ihre IP-Adresse mit anderen Daten der Google in Verbindung bringen. Das Speichern von Cookies auf Ihrer Festplatte und die Anzeige von Web Beacons k\u00f6nnen Sie verhindern, indem Sie in Ihren Browser-Einstellungen &#8220;keine Cookies akzeptieren&#8220; w\u00e4hlen (Im MS Internet-Explorer unter &#8220;Extras &gt; Internetoptionen &gt; Datenschutz &gt; Einstellung&#8220;; im Firefox unter &#8220;Extras &gt; Einstellungen &gt; Datenschutz &gt; Cookies&#8220;); wir weisen Sie jedoch darauf hin, dass Sie in diesem Fall gegebenenfalls nicht s\u00e4mtliche Funktionen dieser Website voll umf\u00e4nglich nutzen k\u00f6nnen. Durch die Nutzung dieser Website erkl\u00e4ren Sie sich mit der Bearbeitung der \u00fcber Sie erhobenen Daten durch Google in der zuvor beschriebenen Art und Weise und zu dem zuvor benannten Zweck einverstanden.<\/p><p><strong>Bildrechte<\/strong><\/p><p>Alle Urheberrechte der Cover liegen bei den entsprechenden Interpreten, Labels oder deren Vermarktern. Alle anderen Bildrechte liegen, wenn nicht anders angegeben, bei den entsprechenden Urhebern!<\/p><p><strong>Keine Abmahnung ohne vorherigen Kontakt!<\/strong><\/p><p>Sollte der Inhalt oder die Aufmachung von Antenne-Pegnitz.de fremde Rechte Dritter oder gesetzliche Bestimmungen verletzen, so bitten wir um eine entsprechende Nachricht ohne Kostennote. Wir bem\u00fchen uns, keine Rechte zu verletzen, aber bei der augenblicklich schnell sich \u00e4ndernden Rechtsprechung kann dies durchaus einmal passieren.<\/p><p>Wir garantieren, dass zu Recht beanstandeten Passagen unverz\u00fcglich entfernt werden, ohne dass die Einschaltung eines Rechtsbeistandes erforderlich ist. Dennoch von Fremden ohne vorherige Kontaktaufnahme ausgel\u00f6ste Kosten werden wir vollumf\u00e4nglich zur\u00fcckweisen und gegebenenfalls Gegenklage wegen Verletzung vorgenannter Bestimmungen einreichen. Eine sog. GOA \u2013 Gesch\u00e4ftsf\u00fchrung ohne Auftrag weisen wir ausdr\u00fccklich zur\u00fcck.<\/p><p>Dieser Blog ist privat und verfolgt keine kommerziellen Interessen.\u00a0 Dies gilt u. a. auch f\u00fcr die GEZ.<br \/><strong>Website Impressum wurde erstellt durch den\u00a0\u00a0<a href=\"https:\/\/www.impressum-generator.de\/\" target=\"_blank\" rel=\"noreferrer noopener\">impressum-generator.de<\/a>\u00a0\u00a0<\/strong><\/p><\/td><\/tr><\/tbody><\/table>\t\t\t\t\t\t\t\t<\/div>\n\t\t\t\t\t<\/div>\n\t\t\t\t<\/div>\n\t\t<div class=\"elementor-element elementor-element-41c33ac e-flex e-con-boxed e-con e-parent\" data-id=\"41c33ac\" data-element_type=\"container\">\n\t\t\t\t\t<div class=\"e-con-inner\">\n\t\t\t\t\t<\/div>\n\t\t\t\t<\/div>\n\t\t\t\t<\/div>\n\t\t","protected":false},"excerpt":{"rendered":"<p>Startseite Gesamtverantwortlich Hermann Bieger Jennifer Rippberger Goldstr. 27 49074 Osnabr\u00fcck eMail:\u00a0info@musicpowerbeat.de Technik &amp; Lizenzen (GEMA &amp; GVL)Diese Seite beinhaltet eine Verbindung bzw. Musikstream der\u00a0laut ag\u00a0Streaming-Technologie:Der auf dieser Seite verlinkte Radiostream: https:\/\/laut.fm\/musicpowerbeat\u00a0 (Mainstream) ist bei der Gema sowie der GVL lizensiert von der Laut AG Seilerstra\u00dfe 778467 KonstanzFax: 07531 \u2013 69238 \u2013 11Amtsgericht Freiburg i. B.HRB [&hellip;]<\/p>\n","protected":false},"author":1,"featured_media":0,"parent":0,"menu_order":0,"comment_status":"closed","ping_status":"closed","template":"","meta":{"episode_type":"","audio_file":"","cover_image":"","cover_image_id":"","duration":"","filesize":"","date_recorded":"","explicit":"","block":"","itunes_episode_number":"","itunes_title":"","itunes_season_number":"","itunes_episode_type":"","filesize_raw":"","footnotes":""},"class_list":["post-98","page","type-page","status-publish","hentry"],"_links":{"self":[{"href":"https:\/\/music-powerbeat.com\/index.php\/wp-json\/wp\/v2\/pages\/98","targetHints":{"allow":["GET"]}}],"collection":[{"href":"https:\/\/music-powerbeat.com\/index.php\/wp-json\/wp\/v2\/pages"}],"about":[{"href":"https:\/\/music-powerbeat.com\/index.php\/wp-json\/wp\/v2\/types\/page"}],"author":[{"embeddable":true,"href":"https:\/\/music-powerbeat.com\/index.php\/wp-json\/wp\/v2\/users\/1"}],"replies":[{"embeddable":true,"href":"https:\/\/music-powerbeat.com\/index.php\/wp-json\/wp\/v2\/comments?post=98"}],"version-history":[{"count":10,"href":"https:\/\/music-powerbeat.com\/index.php\/wp-json\/wp\/v2\/pages\/98\/revisions"}],"predecessor-version":[{"id":236,"href":"https:\/\/music-powerbeat.com\/index.php\/wp-json\/wp\/v2\/pages\/98\/revisions\/236"}],"wp:attachment":[{"href":"https:\/\/music-powerbeat.com\/index.php\/wp-json\/wp\/v2\/media?parent=98"}],"curies":[{"name":"wp","href":"https:\/\/api.w.org\/{rel}","templated":true}]}}